{"id":2,"date":"2019-06-26T17:53:29","date_gmt":"2019-06-26T15:53:29","guid":{"rendered":"http:\/\/orthopaedie-krefeld.de\/?page_id=2"},"modified":"2026-03-03T22:43:00","modified_gmt":"2026-03-03T21:43:00","slug":"beispiel-seite","status":"publish","type":"page","link":"https:\/\/orthopaedie-krefeld.de\/","title":{"rendered":"Home"},"content":{"rendered":"<div id='av-layout-grid-1' class='av-layout-grid-container entry-content-wrapper main_color av-flex-cells     avia-builder-el-0  el_before_av_layout_row  avia-builder-el-first   container_wrap sidebar_right' style=' '  >\n<div class=\"flex_cell no_margin av_one_full  avia-builder-el-1  avia-builder-el-no-sibling    av-zero-padding \" style='background: #ffffff; vertical-align:top; padding:0px; background-color:#ffffff; '><div class='flex_cell_inner' ><p><div class=\"flex_column av_one_third  no_margin flex_column_div first  avia-builder-el-2  el_before_av_one_third  avia-builder-el-first   \" style='background: #b92b16; padding:7px 0px 0px 0px ; background-color:#b92b16; border-radius:0px; '><\/div><div class=\"flex_column av_one_third  no_margin flex_column_div   avia-builder-el-3  el_after_av_one_third  el_before_av_one_third   \" style='background: #000000; padding:7px 0px 0px 0px ; background-color:#000000; border-radius:0px; '><\/div><div class=\"flex_column av_one_third  no_margin flex_column_div   avia-builder-el-4  el_after_av_one_third  avia-builder-el-last   \" style='background: #5cc5ed; padding:7px 0px 0px 0px ; background-color:#5cc5ed; border-radius:0px; '><\/div><\/p>\n<\/div><\/div>\n<\/div>\n<div id='av-layout-grid-2' class='av-layout-grid-container entry-content-wrapper main_color av-flex-cells av-break-at-tablet  av-small-hide av-mini-hide   avia-builder-el-5  el_after_av_layout_row  el_before_av_layout_row   submenu-not-first container_wrap sidebar_right' style=' '  >\n<div class=\"flex_cell no_margin av_one_half  avia-builder-el-6  el_before_av_cell_one_half  avia-builder-el-first    av-zero-padding \" style='vertical-align:top; padding:0px; '><div class='flex_cell_inner' ><div  data-size='large'  data-lightbox_size='large'  data-animation='fade'  data-conditional_play=''  data-ids='519,520,521,364,419'  data-video_counter='0'  data-autoplay='true'  data-bg_slider='false'  data-slide_height=''  data-handle='av_slideshow'  data-interval='5'  data-class=' avia-builder-el-7  avia-builder-el-no-sibling   '  data-css_id=''  data-scroll_down=''  data-control_layout='av-control-hidden'  data-custom_markup=''  data-perma_caption=''  data-autoplay_stopper=''  data-image_attachment=''  data-min_height='0px'  class='avia-slideshow avia-slideshow-1  av-control-hidden av-default-height-applied avia-slideshow-large av_slideshow  avia-builder-el-7  avia-builder-el-no-sibling    avia-fade-slider '  itemprop=\"image\" itemscope=\"itemscope\" itemtype=\"https:\/\/schema.org\/ImageObject\" ><ul class='avia-slideshow-inner ' style='padding-bottom: 100%;' ><li  class=' slide-1 ' ><div data-rel='slideshow-1' class='avia-slide-wrap '   ><img src='https:\/\/orthopaedie-krefeld.de\/wp-content\/uploads\/2020\/02\/oub_infocounter_neu1_q.jpg' width='1000' height='1000' title='' alt=''  itemprop=\"thumbnailUrl\"   \/><\/div><\/li><li  class=' slide-2 ' ><div data-rel='slideshow-1' class='avia-slide-wrap '   ><img src='https:\/\/orthopaedie-krefeld.de\/wp-content\/uploads\/2020\/02\/oub_patientengespr_neu_q.jpg' width='1000' height='1000' title='' alt=''  itemprop=\"thumbnailUrl\"   \/><\/div><\/li><li  class=' slide-3 ' ><div data-rel='slideshow-1' class='avia-slide-wrap '   ><img src='https:\/\/orthopaedie-krefeld.de\/wp-content\/uploads\/2020\/02\/oub_jacob_neu_q.jpg' width='1000' height='1000' title='OUB' alt=''  itemprop=\"thumbnailUrl\"   \/><\/div><\/li><li  class=' slide-4 ' ><div data-rel='slideshow-1' class='avia-slide-wrap '   ><img src='https:\/\/orthopaedie-krefeld.de\/wp-content\/uploads\/2020\/01\/oub_wartebereich_q.jpg' width='998' height='998' title='' alt=''  itemprop=\"thumbnailUrl\"   \/><\/div><\/li><li  class=' slide-5 ' ><div data-rel='slideshow-1' class='avia-slide-wrap '   ><img src='https:\/\/orthopaedie-krefeld.de\/wp-content\/uploads\/2020\/01\/oub_anatomiemodell_q-1.jpg' width='998' height='998' title='' alt=''  itemprop=\"thumbnailUrl\"   \/><\/div><\/li><\/ul><div class='avia-slideshow-arrows avia-slideshow-controls'><a href='#prev' class='prev-slide' aria-hidden='true' data-av_icon='\ue87c' data-av_iconfont='entypo-fontello'>Zur\u00fcck<\/a><a href='#next' class='next-slide' aria-hidden='true' data-av_icon='\ue87d' data-av_iconfont='entypo-fontello'>Weiter<\/a><\/div><div class='avia-slideshow-dots avia-slideshow-controls'><a href='#1' class='goto-slide active' >1<\/a><a href='#2' class='goto-slide ' >2<\/a><a href='#3' class='goto-slide ' >3<\/a><a href='#4' class='goto-slide ' >4<\/a><a href='#5' class='goto-slide ' >5<\/a><\/div><\/div>\n<\/div><\/div><div class=\"flex_cell no_margin av_one_half  avia-builder-el-8  el_after_av_cell_one_half  avia-builder-el-last    \" style='vertical-align:top; padding:5%; '><div class='flex_cell_inner' ><div class='flex_column_table av-equal-height-column-flextable av-break-at-tablet-flextable' ><div class=\"flex_column av_one_full  no_margin av-break-at-tablet flex_column_table_cell av-equal-height-column av-align-top av-zero-column-padding first  avia-builder-el-9  avia-builder-el-no-sibling   \" style='border-radius:0px; '><p><br \/>\n<section class=\"av_textblock_section \"  itemscope=\"itemscope\" itemtype=\"https:\/\/schema.org\/CreativeWork\" ><div class='avia_textblock  av_inherit_color  av-mini-font-size-overwrite av-mini-font-size-16'  style='color:#000000; '  itemprop=\"text\" ><h1>Herzlich Willkommen in unserer Gemeinschaftspraxis f\u00fcr Orthop\u00e4die und Unfallchirurgie am Bismarckplatz<\/h1>\n<h6>Emmanuel Chelangattucherry | Dr. Wolfgang Martin | Dr. med. Michael Manzke<\/h6>\n<p>Auf zwei Etagen bieten wir als spezialisiertes Facharztteam allen gesetzlich und privat versicherten Patienten eine sorgf\u00e4ltige und umfassende Beratung und Diagnostik mit Hilfe modernster Technologien und neuesten medizinischen Erkenntnissen an. Gemeinsam erstellen wir mit Ihnen ein individuelles und ganzheitliches Therapiekonzept.<\/p>\n<p>Neben klassischen konservativen Behandlungen bieten wir Ihnen etablierte, alternative Heilverfahren an und nehmen uns Zeit f\u00fcr Ihre individuelle und bestm\u00f6gliche Betreuung. Den allgemein zu verzeichnenden Trend zur schnellen Operation gehen wir nicht mit und sch\u00f6pfen, soweit m\u00f6glich, die sinnvolle, nicht-operative und konservative Therapie aus. Falls dennoch ein operativer Eingriff erforderlich ist, bieten wir eine kompetente professionelle Versorgung mit Schwerpunkt in der arthroskopischen und minimalinvasiven gelenkersetzenden Chirurgie an. Die Nachversorgung erfolgt selbstverst\u00e4ndlich in unseren Praxisr\u00e4umen.<\/p>\n<p>Aufgrund unserer jahrelangen klinischen Expertise und der regelm\u00e4\u00dfigen Teilnahme an Fort- und Weiterbildungen sind wir stets auf dem aktuellsten wissenschaftlichen Stand und k\u00f6nnen Sie somit qualitativ hochwertig behandeln.<\/p>\n<\/div><\/section><\/p><\/div><\/div><!--close column table wrapper. Autoclose: 1 -->\n<\/div><\/div><\/div><div id='av-layout-grid-3' class='av-layout-grid-container entry-content-wrapper main_color av-flex-cells av-break-at-tablet  av-desktop-hide av-medium-hide   avia-builder-el-12  el_after_av_layout_row  el_before_av_layout_row   submenu-not-first container_wrap sidebar_right' style=' '  >\n<div class=\"flex_cell no_margin av_one_third  avia-builder-el-13  el_before_av_cell_one_third  avia-builder-el-first    av-zero-padding \" style='vertical-align:top; padding:0; '><div class='flex_cell_inner' ><div  data-size='large'  data-lightbox_size='large'  data-animation='fade'  data-conditional_play=''  data-ids='519,520,521,364,419'  data-video_counter='0'  data-autoplay='true'  data-bg_slider='false'  data-slide_height=''  data-handle='av_slideshow'  data-interval='5'  data-class=' avia-builder-el-14  avia-builder-el-no-sibling   '  data-css_id=''  data-scroll_down=''  data-control_layout='av-control-hidden'  data-custom_markup=''  data-perma_caption=''  data-autoplay_stopper=''  data-image_attachment=''  data-min_height='0px'  class='avia-slideshow avia-slideshow-2  av-control-hidden av-default-height-applied avia-slideshow-large av_slideshow  avia-builder-el-14  avia-builder-el-no-sibling    avia-fade-slider '  itemprop=\"image\" itemscope=\"itemscope\" itemtype=\"https:\/\/schema.org\/ImageObject\" ><ul class='avia-slideshow-inner ' style='padding-bottom: 100%;' ><li  class=' slide-1 ' ><div data-rel='slideshow-2' class='avia-slide-wrap '   ><img src='https:\/\/orthopaedie-krefeld.de\/wp-content\/uploads\/2020\/02\/oub_infocounter_neu1_q.jpg' width='1000' height='1000' title='' alt=''  itemprop=\"thumbnailUrl\"   \/><\/div><\/li><li  class=' slide-2 ' ><div data-rel='slideshow-2' class='avia-slide-wrap '   ><img src='https:\/\/orthopaedie-krefeld.de\/wp-content\/uploads\/2020\/02\/oub_patientengespr_neu_q.jpg' width='1000' height='1000' title='' alt=''  itemprop=\"thumbnailUrl\"   \/><\/div><\/li><li  class=' slide-3 ' ><div data-rel='slideshow-2' class='avia-slide-wrap '   ><img src='https:\/\/orthopaedie-krefeld.de\/wp-content\/uploads\/2020\/02\/oub_jacob_neu_q.jpg' width='1000' height='1000' title='OUB' alt=''  itemprop=\"thumbnailUrl\"   \/><\/div><\/li><li  class=' slide-4 ' ><div data-rel='slideshow-2' class='avia-slide-wrap '   ><img src='https:\/\/orthopaedie-krefeld.de\/wp-content\/uploads\/2020\/01\/oub_wartebereich_q.jpg' width='998' height='998' title='' alt=''  itemprop=\"thumbnailUrl\"   \/><\/div><\/li><li  class=' slide-5 ' ><div data-rel='slideshow-2' class='avia-slide-wrap '   ><img src='https:\/\/orthopaedie-krefeld.de\/wp-content\/uploads\/2020\/01\/oub_anatomiemodell_q-1.jpg' width='998' height='998' title='' alt=''  itemprop=\"thumbnailUrl\"   \/><\/div><\/li><\/ul><div class='avia-slideshow-arrows avia-slideshow-controls'><a href='#prev' class='prev-slide' aria-hidden='true' data-av_icon='\ue87c' data-av_iconfont='entypo-fontello'>Zur\u00fcck<\/a><a href='#next' class='next-slide' aria-hidden='true' data-av_icon='\ue87d' data-av_iconfont='entypo-fontello'>Weiter<\/a><\/div><div class='avia-slideshow-dots avia-slideshow-controls'><a href='#1' class='goto-slide active' >1<\/a><a href='#2' class='goto-slide ' >2<\/a><a href='#3' class='goto-slide ' >3<\/a><a href='#4' class='goto-slide ' >4<\/a><a href='#5' class='goto-slide ' >5<\/a><\/div><\/div>\n<\/div><\/div><div class=\"flex_cell no_margin av_one_third  avia-builder-el-15  el_after_av_cell_one_third  el_before_av_cell_one_third    \" style='background: #5cc5ed; vertical-align:middle; padding:5%; background-color:#5cc5ed; '><div class='flex_cell_inner' ><section class=\"av_textblock_section \"  itemscope=\"itemscope\" itemtype=\"https:\/\/schema.org\/CreativeWork\" ><div class='avia_textblock  av_inherit_color '  style='color:#ffffff; '  itemprop=\"text\" ><h6>SPRECHSTUNDE<\/h6>\n<p>Mo bis Fr: 8.00 -11.30 Uhr<br \/>\nMo, Di, Do zus\u00e4tzlich: 14.30 -17.30 Uhr<\/p>\n<p>Telefon: (0 21 51) 96 09 60<br \/>\nTelefax: (0 21 51) 96 09 630<br \/>\nE-Mail: info@orthopaedie-krefeld.de<\/p>\n<\/div><\/section>\n<\/div><\/div><div class=\"flex_cell no_margin av_one_third  avia-builder-el-17  el_after_av_cell_one_third  avia-builder-el-last    \" style='vertical-align:top; padding:5%; '><div class='flex_cell_inner' ><section class=\"av_textblock_section \"  itemscope=\"itemscope\" itemtype=\"https:\/\/schema.org\/CreativeWork\" ><div class='avia_textblock  av_inherit_color  av-mini-font-size-overwrite av-mini-font-size-16'  style='color:#000000; '  itemprop=\"text\" ><h1>Herzlich Willkommen in unserer Gemeinschaftspraxis f\u00fcr Orthop\u00e4die und Unfallchirurgie am Bismarckplatz<\/h1>\n<h6>Dr. Christoph Lottner \u23aaDr. Christoph Hofer\u23aaEmmanuel Chelangattucherry<\/h6>\n<p>Auf zwei Etagen bieten wir als spezialisiertes Facharztteam allen gesetzlich und privat versicherten Patienten eine sorgf\u00e4ltige und umfassende Beratung und Diagnostik mit Hilfe modernster Technologien und neuesten medizinischen Erkenntnissen an. Gemeinsam erstellen wir mit Ihnen ein individuelles und ganzheitliches Therapiekonzept.<\/p>\n<p>Neben klassischen konservativen Behandlungen bieten wir Ihnen etablierte, alternative Heilverfahren an und nehmen uns Zeit f\u00fcr Ihre individuelle und bestm\u00f6gliche Betreuung. Den allgemein zu verzeichnenden Trend zur schnellen Operation gehen wir nicht mit und sch\u00f6pfen, soweit m\u00f6glich, die sinnvolle, nicht-operative und konservative Therapie aus. Falls dennoch ein operativer Eingriff erforderlich ist, bieten wir eine kompetente professionelle Versorgung mit Schwerpunkt in der arthroskopischen und minimalinvasiven gelenkersetzenden Chirurgie an. Die Nachversorgung erfolgt selbstverst\u00e4ndlich in unseren Praxisr\u00e4umen.<\/p>\n<p>Aufgrund unserer jahrelangen klinischen Expertise und der regelm\u00e4\u00dfigen Teilnahme an Fort- und Weiterbildungen sind wir stets auf dem aktuellsten wissenschaftlichen Stand und k\u00f6nnen Sie somit qualitativ hochwertig behandeln.<\/p>\n<\/div><\/section>\n<\/div><\/div>\n<\/div><\/p>\n<div id='av-layout-grid-4' class='av-layout-grid-container entry-content-wrapper main_color av-flex-cells av-break-at-tablet    avia-builder-el-19  el_after_av_layout_row  avia-builder-el-last   submenu-not-first container_wrap sidebar_right' style=' '  >\n<div class=\"flex_cell no_margin av_one_third  avia-builder-el-20  el_before_av_cell_one_third  avia-builder-el-first    \" style='background: #d0cdbc; vertical-align:top; padding:5%; background-color:#d0cdbc; '><div class='flex_cell_inner' ><div class='flex_column_table av-equal-height-column-flextable av-break-at-tablet-flextable' ><div class=\"flex_column av_one_full  no_margin av-break-at-tablet flex_column_table_cell av-equal-height-column av-align-top av-zero-column-padding first  avia-builder-el-21  avia-builder-el-no-sibling   \" style='border-radius:0px; '><section class=\"av_textblock_section \"  itemscope=\"itemscope\" itemtype=\"https:\/\/schema.org\/CreativeWork\" ><div class='avia_textblock  av_inherit_color  av-mini-font-size-overwrite av-mini-font-size-16'  style='color:#000000; '  itemprop=\"text\" ><p>Unser rotes Backsteingeb\u00e4ude, das alte Standesamt, befindet sich in zentraler Lage in Krefeld &#8211; Cracau, in der N\u00e4he des Stadtwaldes.<\/p>\n<p>Ihr Wohlbefinden liegt uns am Herzen! In unseren Praxisr\u00e4umen erwartet sie ein helles und stilvolles Ambiente um Ihnen die Zeit bei uns so angenehm wie m\u00f6glich zu machen.<\/p>\n<p>Die Praxis ist barrierefrei und m\u00fchelos \u00fcber einen Aufzug erreichbar. Ausreichend praxiseigene Parkm\u00f6glichkeiten sind ebenfalls vorhanden.<\/p>\n<h5>Wir freuen uns auf Sie!<\/h5>\n<\/div><\/section><\/div><\/div><!--close column table wrapper. Autoclose: 1 -->\n<\/div><\/div><div class=\"flex_cell no_margin av_one_third  avia-builder-el-23  el_after_av_cell_one_third  el_before_av_cell_one_third    av-zero-padding \" style='vertical-align:middle; padding:0px; '><div class='flex_cell_inner' ><div class='flex_column_table av-equal-height-column-flextable -flextable' ><div class=\"flex_column av_one_full  avia-full-stretch no_margin flex_column_table_cell av-equal-height-column av-align-top first  avia-builder-el-24  avia-builder-el-no-sibling   \" style='background:url(https:\/\/orthopaedie-krefeld.de\/wp-content\/uploads\/2020\/02\/kr_bismarckplatz_1030x1030-1030x1030.jpg) top left no-repeat ; padding:50%; border-radius:0px; '><\/div><\/div><!--close column table wrapper. Autoclose: 1 -->\n<\/div><\/div><div class=\"flex_cell no_margin av_one_third  avia-builder-el-25  el_after_av_cell_one_third  avia-builder-el-last    av-zero-padding \" style='background: #5cc5ed; vertical-align:top; padding:0; background-color:#5cc5ed; '><div class='flex_cell_inner' ><div class=\"flex_column av_one_full  no_margin flex_column_div first  avia-builder-el-26  avia-builder-el-no-sibling   \" style='padding:7%; border-radius:0px; '><section class=\"av_textblock_section \"  itemscope=\"itemscope\" itemtype=\"https:\/\/schema.org\/CreativeWork\" ><div class='avia_textblock  av_inherit_color '  style='color:#ffffff; '  itemprop=\"text\" ><h1>&#8222;Unser Leben wird von Bewegung bestimmt. Wenn diese gest\u00f6rt wird, sind wir an der Reihe!&#8220;<\/h1>\n<\/div><\/section><\/div>\n<\/div><\/div>\n<\/div>\n","protected":false},"excerpt":{"rendered":"","protected":false},"author":3,"featured_media":0,"parent":0,"menu_order":0,"comment_status":"closed","ping_status":"open","template":"","meta":[],"_links":{"self":[{"href":"https:\/\/orthopaedie-krefeld.de\/index.php?rest_route=\/wp\/v2\/pages\/2"}],"collection":[{"href":"https:\/\/orthopaedie-krefeld.de\/index.php?rest_route=\/wp\/v2\/pages"}],"about":[{"href":"https:\/\/orthopaedie-krefeld.de\/index.php?rest_route=\/wp\/v2\/types\/page"}],"author":[{"embeddable":true,"href":"https:\/\/orthopaedie-krefeld.de\/index.php?rest_route=\/wp\/v2\/users\/3"}],"replies":[{"embeddable":true,"href":"https:\/\/orthopaedie-krefeld.de\/index.php?rest_route=%2Fwp%2Fv2%2Fcomments&post=2"}],"version-history":[{"count":204,"href":"https:\/\/orthopaedie-krefeld.de\/index.php?rest_route=\/wp\/v2\/pages\/2\/revisions"}],"predecessor-version":[{"id":987,"href":"https:\/\/orthopaedie-krefeld.de\/index.php?rest_route=\/wp\/v2\/pages\/2\/revisions\/987"}],"wp:attachment":[{"href":"https:\/\/orthopaedie-krefeld.de\/index.php?rest_route=%2Fwp%2Fv2%2Fmedia&parent=2"}],"curies":[{"name":"wp","href":"https:\/\/api.w.org\/{rel}","templated":true}]}}